{"id":1262,"date":"2025-10-27T14:28:12","date_gmt":"2025-10-27T18:28:12","guid":{"rendered":"http:\/\/pprod.acceotransphere.com\/proprietaires-dimmeubles\/"},"modified":"2025-12-05T08:45:20","modified_gmt":"2025-12-05T13:45:20","slug":"landlords","status":"publish","type":"page","link":"https:\/\/www.acceotransphere.com\/en\/industries\/landlords\/","title":{"rendered":"Landlords"},"content":{"rendered":"<div class=\"module_hero industries immeubles\">\r\n\t<div class=\"container\">\r\n\t\t<div class=\"row row-cols-1\">\t\t\t\t\r\n\t\t\t<div class=\"col\">\r\n\t\t\t\t<div>\r\n\t\t\t\t\t<h4>Landlords<\/h4>\r\n\t\t\t\t\t<h1>Fewer checks, fewer late rent payments... and less effort! <\/h1>\r\n\t\t\t\t\t<p>Whether you own a single building or manage thousands of units, Transphere automates rent collection and the management of<br class=\"d-none d-xl-block\"> your supplier payments: no checks, no manual follow-ups, no headaches. <\/p>\r\n\t\t\t\t\t<button type=\"button\" data-target=\"button\" data-id=\"contacter-logiciels_EN\" data-title=\"Talk to an expert\" class=\"btn btn-primary mt-4\">Talk to an expert<\/button>\r\n\t\t\t\t<\/div>\r\n\t\t\t\t<div class=\"image\"><\/div>\r\n\t\t\t<\/div>\r\n\t\t<\/div>\t\r\n\t<\/div>\r\n<\/div>\r\n\r\n<!--<div data-wpr-lazyrender=\"1\" class=\"module_testimonials immeubles\">\r\n\t<div class=\"container\">\r\n\t\t<div class=\"row\">\r\n\t\t\t<div class=\"col-12\">\r\n\t\t\t\t<div id=\"testimonials\" class=\"carousel slide\" data-bs-ride=\"carousel\">\r\n\t\t\t\t\t<button class=\"carousel-control-prev\" type=\"button\" data-bs-target=\"#testimonials\" data-bs-slide=\"prev\">\r\n\t\t\t\t\t\t<span class=\"carousel-control-prev-icon\" aria-hidden=\"true\"><\/span>\r\n\t\t\t\t\t\t<span class=\"visually-hidden\">Previous<\/span>\r\n\t\t\t\t\t<\/button>\r\n\t\t\t\t\t<div class=\"carousel-inner\">\r\n\t\t\t\t\t\t<div class=\"carousel-item active\">\r\n\t\t\t\t\t\t\t<div class=\"carousel-caption\">\r\n\t\t\t\t\t\t\t\t<div class=\"text\">\r\n\t\t\t\t\t\t\t\t\t<p><strong>\u00ab SnapX me fait gagner tellement de temps. C\u2019est presque comme avoir un employ\u00e9 de plus! C\u2019est facile \u00e0 utiliser, \u00e7a classe rapidement l\u2019information et le service est impeccable. \u00bb<\/strong><\/p>\r\n\t\t\t\t\t\t\t\t<\/div>\r\n\t\t\t\t\t\t\t\t<div class=\"name\">\r\n\t\t\t\t\t\t\t\t\t<p>Val\u00e9rie Lacasse,<\/p>\r\n\t\t\t\t\t\t\t\t\t<p class=\"note\">Rockland Marine &amp; Equipment<\/p>\r\n\t\t\t\t\t\t\t\t<\/div>\r\n\t\t\t\t\t\t\t<\/div>\r\n\t\t\t\t\t\t<\/div>\r\n\t\t\t\t\t\t<div class=\"carousel-item \">\r\n\t\t\t\t\t\t\t\t<div class=\"carousel-caption\">\r\n\t\t\t\t\t\t\t\t<div class=\"text\">\r\n\t\t\t\t\t\t\t\t\t<p><strong>\u00ab SnapX me fait gagner tellement de temps. C\u2019est presque comme avoir un employ\u00e9 de plus! C\u2019est facile \u00e0 utiliser, \u00e7a classe rapidement l\u2019information et le service est impeccable. \u00bb<\/strong><\/p>\r\n\t\t\t\t\t\t\t\t<\/div>\r\n\t\t\t\t\t\t\t\t<div class=\"name\">\r\n\t\t\t\t\t\t\t\t\t<p>Jean-Francois Guenette,<\/p>\r\n\t\t\t\t\t\t\t\t\t<p class=\"note\">CBM Informatique<\/p>\r\n\t\t\t\t\t\t\t\t<\/div>\r\n\t\t\t\t\t\t\t<\/div>\r\n\t\t\t\t\t\t<\/div>\r\n\t\t\t\t\t\t<div class=\"carousel-item \">\r\n\t\t\t\t\t\t\t\t<div class=\"carousel-caption\">\r\n\t\t\t\t\t\t\t\t<div class=\"text\">\r\n\t\t\t\t\t\t\t\t\t<p><strong>\u00ab Avec SnapX, on a le sentiment d\u2019\u00eatre en contr\u00f4le! De la saisie des donn\u00e9es jusqu\u2019au tranfert dans le logiciel comptable, tout est clair, rapide et fluide. C\u2019est facile de s\u2019y retrouver. De plus, l\u2019application mobile est un atout ind\u00e9niable! \u00bb<\/strong><\/p>\r\n\t\t\t\t\t\t\t\t<\/div>\r\n\t\t\t\t\t\t\t\t<div class=\"name\">\r\n\t\t\t\t\t\t\t\t\t<p>Richard Traversy,<\/p>\r\n\t\t\t\t\t\t\t\t\t<p class=\"note\">Troph\u00e9es et Gravures Expert<\/p>\r\n\t\t\t\t\t\t\t\t<\/div>\r\n\t\t\t\t\t\t\t<\/div>\r\n\t\t\t\t\t\t<\/div>\r\n\t\t\t\t\t<\/div>\r\n\t\t\t\t\t<button class=\"carousel-control-next\" type=\"button\" data-bs-target=\"#testimonials\" data-bs-slide=\"next\">\r\n\t\t\t\t\t\t<span class=\"carousel-control-next-icon\" aria-hidden=\"true\"><\/span>\r\n\t\t\t\t\t\t<span class=\"visually-hidden\">Next<\/span>\r\n\t\t\t\t\t<\/button>\r\n\t\t\t\t\t<div class=\"carousel-indicators\">\r\n\t\t\t\t\t\t<button type=\"button\" data-bs-target=\"#testimonials\" data-bs-slide-to=\"0\" class=\"\" aria-label=\"Slide 0\"><\/button>\r\n\t\t\t\t\t\t<button type=\"button\" data-bs-target=\"#testimonials\" data-bs-slide-to=\"1\" aria-label=\"Slide 1\" class=\"active\" aria-current=\"true\"><\/button>\r\n\t\t\t\t\t\t<button type=\"button\" data-bs-target=\"#testimonials\" data-bs-slide-to=\"2\" class=\"\" aria-label=\"Slide 2\"><\/button>\r\n\t\t\t\t\t<\/div>\r\n\t\t\t\t<\/div>\r\n\t\t\t<\/div>\r\n\t\t<\/div>\r\n\t<\/div>\r\n<\/div>-->\r\n\r\n<div class=\"module_3-col textes industries\">\r\n\t<div class=\"container\">\r\n\t\t<div class=\"row row-cols-1\">\r\n\t\t\r\n\t\t\t<div class=\"col\">\r\n\t\t\t\t<h2>Maximize your investments<br class=\"d-none d-xl-block\"> and reduce wasted time <\/h2>\r\n\t\t\t<\/div>\r\n\t\t\t\r\n\t\t<\/div>\r\n\t\t<div class=\"row row-cols-1 row-cols-md-2 justify-content-center\">\r\n\t\t\r\n\t\t\t<div class=\"col icone\">\r\n\t\t\t\t<p><strong>Automatic rent collection for a cashflow without surprises<\/strong><\/p>\r\n\t\t\t\t<p>Forget checks and complex banking processes. Transphere automates<br class=\"d-none d-xl-block\"> your collections and helps make your revenue more predictable. <\/p>\t\r\n\t\t\t<\/div>\r\n\t\t\t\r\n\t\t\t<div class=\"col icone\">\r\n\t\t\t\t<p><strong>Retain your best tenants from the very first payment<\/strong><\/p>\r\n\t\t\t\t<p>Turn your reliable payers into long-term customers by offering an ideal<br class=\"d-none d-xl-block\"> customer experience: a simple, frictionless payment process via pre-authorized<br class=\"d-none d-xl-block\"> debit card or by credit card.<\/p> \r\n\t\t\t<\/div>\r\n\t\t<\/div>\r\n\t\t\r\n\t\t<div class=\"row row-cols-1 row-cols-md-2 justify-content-center\">\r\n\t\t\r\n\t\t\t<div class=\"col icone\">\r\n\t\t\t\t<p><strong>Fast, secure supplier payments<\/strong><\/p>\r\n\t\t\t\t<p>Pay your suppliers easily and securely, without having to manage their<br class=\"d-none d-xl-block\"> banking information. Easily integrate your suppliers into your regular<br class=\"d-none d-xl-block\"> payment cycle, including major suppliers such as Hydro-Qu\u00e9bec, Bell,<br class=\"d-none d-xl-block\"> and your municipality (for tax accounts).<\/p>\t\r\n\t\t\t<\/div>\r\n\t\t\t\r\n\t\t\t<div class=\"col icone\">\r\n\t\t\t\t<p><strong>Configurable approval portal<\/strong><\/p>\r\n\t\t\t\t<p>Control your payments with approval rules that are easy to set up. <br class=\"d-none d-xl-block\">Managers outside the office can easily approve payments from the mobile app.<\/p> \r\n\t\t\t<\/div>\r\n\t\t\t\r\n\t\t<\/div>\r\n\t<\/div>\r\n<\/div>\r\n\r\n<div class=\"module_2-col securite industries\">\r\n\t<div class=\"container\">\r\n\t\t<div class=\"row row-cols-1 row-cols-md-2 justify-content-center\">\r\n\t\t\r\n\t\t\t<div class=\"col\">\r\n\t\t\t\t<h2>Simplify and <br class=\"d-none d-xl-block\">automate your<br class=\"d-none d-xl-block\"> payments with<br class=\"d-none d-xl-block\"> confidence <\/h2>\r\n\t\t\t\t<a type=\"button\" data-target=\"button\" data-id=\"contacter-logiciels_EN\" data-title=\"Talk to an expert\">Learn more<\/a>\r\n\t\t\t<\/div>\r\n\t\t\t\r\n\t\t\t<div class=\"col\">\r\n\t\t\t\t<p>Benefit from a complete, secure payment platform tailored to the realities of<br class=\"d-none d-xl-block\"> Quebec SMBs. Transphere is hosted entirely on Canadian servers and meets<br class=\"d-none d-xl-block\"> the highest industry standards for security and privacy.<\/p>\r\n\t\t\t\t<img decoding=\"async\" src=\"\/wp-content\/uploads\/2025\/10\/PME_ICONE_BLOC_Simplifier_EN.svg\" alt=\"\" class=\"alignnone size-full\" \/>\r\n\t\t\t<\/div>\r\n\t\t\t\r\n\t\t<\/div>\r\n\t<\/div>\r\n<\/div>\r\n\r\n<div class=\"module_3-col cartes industries\">\r\n\t<div class=\"container\">\r\n\t\t<div class=\"row row-cols-1\">\t\t\t\t\r\n\t\t\t<div class=\"col text-center\">\r\n\t\t\t\t<h2>Where to start?<\/h2>\t\r\n\t\t\t<\/div>\r\n\t\t<\/div>\t\r\n\t\t<div class=\"row row-cols-1 row-cols-md-2 row-cols-lg-3 justify-content-center\">\r\n\t\t\r\n\t\t\t<div class=\"col d-lg-flex\">\r\n\t\t\t<a href=\"https:\/\/hopem.com\/en\/\" target=\"_blank\">\r\n\t\t\t\t<div class=\"card\">\r\n\t\t\t\t\t<div class=\"card-body\">\r\n\t\t\t\t\t\t<h4>You\u2019re a Hopem customer?<\/h4>\r\n\t\t\t\t\t\t<p>Transphere is natively integrated with the Primmo property management software suite. <\/p>\r\n\t\t\t\t\t\t<p>Contact Hopem directly to learn how to start taking advantage of it today.<\/p>\r\n\t\t\t\t\t\t<span class=\"logo immeubles\"><\/span>\r\n\t\t\t\t\t<\/div>\r\n\t\t\t\t<\/div>  \r\n\t\t\t\t<\/a>\r\n\t\t\t<\/div>\r\n\t\t\t\r\n\t\t\t<div class=\"col d-flex\">\r\n\t\t\t\t<div class=\"card white\">\r\n\t\t\t\t\t<div class=\"card-body\">\r\n\t\t\t\t\t\t<h4>You\u2019re using a financial system connected to Transphere?<\/h4>\r\n\t\t\t\t\t\t<p>Transphere integrates with numerous accounting and ERP solutions across Quebec. <\/p>\r\n\t\t\t\t\t\t<p>To learn more and see the solutions connected to Transphere: <a href=\"https:\/\/www.acceotransphere.com\/en\/solutions\/transphere-integral\/#integral\">Transphere Integral<\/a><\/p>\r\n\t\t\t\t\t<\/div>\r\n\t\t\t\t<\/div>    \r\n\t\t\t<\/div>\r\n\t\t\t\r\n\t\t\t<div class=\"col d-flex\">\r\n\t\t\t\t<div class=\"card white\">\r\n\t\t\t\t\t<div class=\"card-body\">\r\n\t\t\t\t\t\t<h4>Your financial software is not connected to Transphre?<\/h4>\r\n\t\t\t\t\t\t<p>Use <a href=\"https:\/\/www.acceotransphere.com\/en\/solutions\/transphere-solo\/\">Transphere Solo<\/a> to send and receive funds or build an integration with your financial system via our API. <\/p>\r\n\t\t\t\t\t\t<p>Contact us, and our team will be happy to discuss the options available to you. <\/p>\r\n\t\t\t\t\t<\/div>\r\n\t\t\t\t<\/div>       \r\n\t\t\t<\/div>\r\n\t\t\t\r\n\t\t<\/div>\r\n\t<\/div>\r\n<\/div>\r\n\r\n<div class=\"module_2-col produits\">\r\n\t<div class=\"container\">\r\n\t<div class=\"row row-cols-1\">\t\t\t\t\r\n\t\t\t<div class=\"col text-center\">\r\n\t\t\t\t<h3>You might also like\u2026 <\/h3>\r\n\t\t\t<\/div>\r\n\t\t<\/div>\t\r\n\t\t<div class=\"row row-cols-1 row-cols-md-2 justify-content-center\">\r\n\t\t\t<div class=\"col d-flex\">\r\n\t\t\t<a href=\"https:\/\/www.acceotransphere.com\/en\/solutions\/snapx\/\" class=\"card-link d-flex\">\r\n\t\t\t\t<div class=\"card turquoise\">\r\n\t\t\t\t\t<div class=\"card-body\">\r\n\t\t\t\t\t\t<div class=\"image4\"><\/div>\r\n\t\t\t\t\t\t<h4>SnapX<\/h4>\r\n\t\t\t\t\t\t<p>Reduce manual entry of invoices and receipts by harnessing artificial intelligence.<\/p>\r\n\t\t\t\t\t\t<span>Learn more<\/span>\r\n\t\t\t\t\t<\/div>\r\n\t\t\t\t<\/div>  \r\n\t\t\t\t<\/a>\r\n\t\t\t<\/div>\r\n\t\t<\/div>\r\n\t<\/div>\r\n<\/div>\r\n\r\n<div class=\"module_accordion industries\">\r\n\t<div class=\"container\">\r\n\t\t<div class=\"row row-cols-1\">\t\t\t\t\r\n\t\t\t<div class=\"col text-center\">\r\n\t\t\t\t<h2>Frequently Asked Questions<\/h2>\t\r\n\t\t\t<\/div>\r\n\t\t<\/div>\t\r\n\t\t<div class=\"row row-cols-1\">\r\n\t\t\t<div class=\"col\">\r\n\t\t\t\t<div class=\"accordion-item\">\r\n\t\t\t\t\t<h4 class=\"accordion-header\" id=\"heading1\"><button class=\"accordion-button collapsed\" type=\"button\" data-bs-toggle=\"collapse\" data-bs-target=\"#collapse1\" aria-expanded=\"false\" aria-controls=\"collapse1\">Supplier payments: Are there any fees for my supplier?<\/button><\/h4>\r\n\t\t\t\t\t<div id=\"collapse1\" class=\"accordion-collapse collapse\" aria-labelledby=\"heading1\" data-bs-parent=\"#accordionExample\" style=\"\">\r\n\t\t\t\t\t\t<div class=\"accordion-body\">\r\n\t\t\t\t\t\t\t<p>No, the creation of their account is free and there\u2019s no fees to receive payments. <\/p>\r\n\t\t\t\t\t\t<\/div>\r\n\t\t\t\t\t<\/div>\r\n\t\t\t\t<\/div>\r\n\t\t\t\t<div class=\"accordion-item\">\r\n\t\t\t\t\t<h3 class=\"accordion-header\" id=\"heading2\"><button class=\"accordion-button collapsed\" type=\"button\" data-bs-toggle=\"collapse\" data-bs-target=\"#collapse2\" aria-expanded=\"true\" aria-controls=\"collapse2\">We have two signatories for our checks. How are the payments authorized in ACCEO Transphere?  <\/button><\/h3>\r\n\t\t\t\t\t<div id=\"collapse2\" class=\"accordion-collapse collapse\" aria-labelledby=\"heading2\" data-bs-parent=\"#accordionExample\">\r\n\t\t\t\t\t\t<div class=\"accordion-body\">\r\n\t\t\t\t\t\t\t<p>For each amount threshold, you can define how many approvals are required and who the approvers are. Payments can only be submitted once they\u2019re approved. <\/p>\r\n\t\t\t\t\t\t<\/div>\r\n\t\t\t\t\t<\/div>\r\n\t\t\t\t<\/div>\r\n\t\t\t<\/div>\r\n\t\t<\/div>\r\n\t<\/div>\r\n<\/div>","protected":false},"excerpt":{"rendered":"Landlords Fewer checks, fewer late rent payments... and less effort! Whether you own a single building or manage thousands of units, Transphere automates rent collection and the management of your supplier payments: no checks, no manual follow-ups, no headaches. Talk to an expert Maximize your investments and reduce wasted time Automatic rent collection for a [&hellip;]","protected":false},"author":3,"featured_media":0,"parent":1457,"menu_order":0,"comment_status":"closed","ping_status":"closed","template":"","meta":{"_acf_changed":false,"footnotes":""},"class_list":["post-1262","page","type-page","status-publish","hentry"],"acf":[],"yoast_head":"<!-- This site is optimized with the Yoast SEO plugin v27.3 - https:\/\/yoast.com\/product\/yoast-seo-wordpress\/ -->\n<title>Payment platform for rental property managers | ACCEO Transphere<\/title>\n<meta name=\"description\" content=\"Automated rent collection, simplified supplier payments, and more.\" \/>\n<meta name=\"robots\" content=\"index, follow, max-snippet:-1, max-image-preview:large, max-video-preview:-1\" \/>\n<link rel=\"canonical\" href=\"https:\/\/www.acceotransphere.com\/en\/industries\/landlords\/\" \/>\n<meta property=\"og:locale\" content=\"en_US\" \/>\n<meta property=\"og:type\" content=\"article\" \/>\n<meta property=\"og:title\" content=\"Payment platform for rental property managers | ACCEO Transphere\" \/>\n<meta property=\"og:description\" content=\"Automated rent collection, simplified supplier payments, and more.\" \/>\n<meta property=\"og:url\" content=\"https:\/\/www.acceotransphere.com\/en\/industries\/landlords\/\" \/>\n<meta property=\"og:site_name\" content=\"ACCEO Transphere\" \/>\n<meta property=\"article:modified_time\" content=\"2025-12-05T13:45:20+00:00\" \/>\n<meta name=\"twitter:card\" content=\"summary_large_image\" \/>\n<meta name=\"twitter:label1\" content=\"Est. reading time\" \/>\n\t<meta name=\"twitter:data1\" content=\"3 minutes\" \/>\n<script type=\"application\/ld+json\" class=\"yoast-schema-graph\">{\"@context\":\"https:\\\/\\\/schema.org\",\"@graph\":[{\"@type\":\"WebPage\",\"@id\":\"https:\\\/\\\/www.acceotransphere.com\\\/en\\\/industries\\\/landlords\\\/\",\"url\":\"https:\\\/\\\/www.acceotransphere.com\\\/en\\\/industries\\\/landlords\\\/\",\"name\":\"Payment platform for rental property managers | ACCEO Transphere\",\"isPartOf\":{\"@id\":\"https:\\\/\\\/www.acceotransphere.com\\\/en\\\/#website\"},\"datePublished\":\"2025-10-27T18:28:12+00:00\",\"dateModified\":\"2025-12-05T13:45:20+00:00\",\"description\":\"Automated rent collection, simplified supplier payments, and more.\",\"breadcrumb\":{\"@id\":\"https:\\\/\\\/www.acceotransphere.com\\\/en\\\/industries\\\/landlords\\\/#breadcrumb\"},\"inLanguage\":\"en-US\",\"potentialAction\":[{\"@type\":\"ReadAction\",\"target\":[\"https:\\\/\\\/www.acceotransphere.com\\\/en\\\/industries\\\/landlords\\\/\"]}]},{\"@type\":\"BreadcrumbList\",\"@id\":\"https:\\\/\\\/www.acceotransphere.com\\\/en\\\/industries\\\/landlords\\\/#breadcrumb\",\"itemListElement\":[{\"@type\":\"ListItem\",\"position\":1,\"name\":\"Accueil\",\"item\":\"https:\\\/\\\/www.acceotransphere.com\\\/en\\\/\"},{\"@type\":\"ListItem\",\"position\":2,\"name\":\"Industries\",\"item\":\"https:\\\/\\\/www.acceotransphere.com\\\/en\\\/industries\\\/\"},{\"@type\":\"ListItem\",\"position\":3,\"name\":\"Landlords\"}]},{\"@type\":\"WebSite\",\"@id\":\"https:\\\/\\\/www.acceotransphere.com\\\/en\\\/#website\",\"url\":\"https:\\\/\\\/www.acceotransphere.com\\\/en\\\/\",\"name\":\"ACCEO Transphere\",\"description\":\"\",\"potentialAction\":[{\"@type\":\"SearchAction\",\"target\":{\"@type\":\"EntryPoint\",\"urlTemplate\":\"https:\\\/\\\/www.acceotransphere.com\\\/en\\\/?s={search_term_string}\"},\"query-input\":{\"@type\":\"PropertyValueSpecification\",\"valueRequired\":true,\"valueName\":\"search_term_string\"}}],\"inLanguage\":\"en-US\"}]}<\/script>\n<!-- \/ Yoast SEO plugin. -->","yoast_head_json":{"title":"Payment platform for rental property managers | ACCEO Transphere","description":"Automated rent collection, simplified supplier payments, and more.","robots":{"index":"index","follow":"follow","max-snippet":"max-snippet:-1","max-image-preview":"max-image-preview:large","max-video-preview":"max-video-preview:-1"},"canonical":"https:\/\/www.acceotransphere.com\/en\/industries\/landlords\/","og_locale":"en_US","og_type":"article","og_title":"Payment platform for rental property managers | ACCEO Transphere","og_description":"Automated rent collection, simplified supplier payments, and more.","og_url":"https:\/\/www.acceotransphere.com\/en\/industries\/landlords\/","og_site_name":"ACCEO Transphere","article_modified_time":"2025-12-05T13:45:20+00:00","twitter_card":"summary_large_image","twitter_misc":{"Est. reading time":"3 minutes"},"schema":{"@context":"https:\/\/schema.org","@graph":[{"@type":"WebPage","@id":"https:\/\/www.acceotransphere.com\/en\/industries\/landlords\/","url":"https:\/\/www.acceotransphere.com\/en\/industries\/landlords\/","name":"Payment platform for rental property managers | ACCEO Transphere","isPartOf":{"@id":"https:\/\/www.acceotransphere.com\/en\/#website"},"datePublished":"2025-10-27T18:28:12+00:00","dateModified":"2025-12-05T13:45:20+00:00","description":"Automated rent collection, simplified supplier payments, and more.","breadcrumb":{"@id":"https:\/\/www.acceotransphere.com\/en\/industries\/landlords\/#breadcrumb"},"inLanguage":"en-US","potentialAction":[{"@type":"ReadAction","target":["https:\/\/www.acceotransphere.com\/en\/industries\/landlords\/"]}]},{"@type":"BreadcrumbList","@id":"https:\/\/www.acceotransphere.com\/en\/industries\/landlords\/#breadcrumb","itemListElement":[{"@type":"ListItem","position":1,"name":"Accueil","item":"https:\/\/www.acceotransphere.com\/en\/"},{"@type":"ListItem","position":2,"name":"Industries","item":"https:\/\/www.acceotransphere.com\/en\/industries\/"},{"@type":"ListItem","position":3,"name":"Landlords"}]},{"@type":"WebSite","@id":"https:\/\/www.acceotransphere.com\/en\/#website","url":"https:\/\/www.acceotransphere.com\/en\/","name":"ACCEO Transphere","description":"","potentialAction":[{"@type":"SearchAction","target":{"@type":"EntryPoint","urlTemplate":"https:\/\/www.acceotransphere.com\/en\/?s={search_term_string}"},"query-input":{"@type":"PropertyValueSpecification","valueRequired":true,"valueName":"search_term_string"}}],"inLanguage":"en-US"}]}},"_links":{"self":[{"href":"https:\/\/www.acceotransphere.com\/en\/wp-json\/wp\/v2\/pages\/1262","targetHints":{"allow":["GET"]}}],"collection":[{"href":"https:\/\/www.acceotransphere.com\/en\/wp-json\/wp\/v2\/pages"}],"about":[{"href":"https:\/\/www.acceotransphere.com\/en\/wp-json\/wp\/v2\/types\/page"}],"author":[{"embeddable":true,"href":"https:\/\/www.acceotransphere.com\/en\/wp-json\/wp\/v2\/users\/3"}],"replies":[{"embeddable":true,"href":"https:\/\/www.acceotransphere.com\/en\/wp-json\/wp\/v2\/comments?post=1262"}],"version-history":[{"count":18,"href":"https:\/\/www.acceotransphere.com\/en\/wp-json\/wp\/v2\/pages\/1262\/revisions"}],"predecessor-version":[{"id":1683,"href":"https:\/\/www.acceotransphere.com\/en\/wp-json\/wp\/v2\/pages\/1262\/revisions\/1683"}],"up":[{"embeddable":true,"href":"https:\/\/www.acceotransphere.com\/en\/wp-json\/wp\/v2\/pages\/1457"}],"wp:attachment":[{"href":"https:\/\/www.acceotransphere.com\/en\/wp-json\/wp\/v2\/media?parent=1262"}],"curies":[{"name":"wp","href":"https:\/\/api.w.org\/{rel}","templated":true}]}}